{"id":291,"date":"2020-03-24T12:12:10","date_gmt":"2020-03-24T12:12:10","guid":{"rendered":"https:\/\/correosos.com\/?page_id=291"},"modified":"2024-08-28T17:41:58","modified_gmt":"2024-08-28T17:41:58","slug":"covid19","status":"publish","type":"page","link":"https:\/\/correosos.com\/?page_id=291","title":{"rendered":"COVID19"},"content":{"rendered":"<p>Pentru a cre\u0219te \u0219ansele de a ob\u021bine creditul urgent de azi, este recomandabil s\u0103 ai documentele <a href=\"https:\/\/mycash.ro\/\">credit rapid fara anaf<\/a> necesare preg\u0103tite din timp. De asemenea, asigur\u0103-te c\u0103 \u00eendepline\u0219ti toate cerin\u021bele minime stabilite de institu\u021bia financiar\u0103 pentru a evita respingerea cererii tale.<\/p>\n<div class=\"wp-block-group has-very-light-gray-background-color has-background\"><div class=\"wp-block-group__inner-container is-layout-flow wp-block-group-is-layout-flow\">\n<p class=\"has-text-color has-text-align-center has-medium-font-size has-vivid-red-color\"><strong>LA DIRECCI\u00d3N DE CORREOS NOS PONE EN RIESGO <\/strong><\/p>\n\n\n\n<p class=\"has-text-color has-text-align-center has-medium-font-size has-vivid-red-color\"><strong>\u00a1QUE SE VAYAN TODOS!<\/strong><\/p>\n\n\n\n<div class=\"wp-block-file aligncenter\"><a href=\"https:\/\/correosos.com\/wp-content\/uploads\/2020\/03\/ALARMA-COVID19-3.pdf\">ALARMA-COVID19-3<\/a><a href=\"https:\/\/correosos.com\/wp-content\/uploads\/2020\/03\/ALARMA-COVID19-3.pdf\" class=\"wp-block-file__button\" download>Descarga<\/a><\/div>\n<\/div><\/div>\n\n\n\n<div class=\"wp-block-group has-very-light-gray-background-color has-background\"><div class=\"wp-block-group__inner-container is-layout-flow wp-block-group-is-layout-flow\">\n<p class=\"has-background has-text-align-left has-very-light-gray-background-color\"><strong>Amb data 23 de Mar\u00e7<\/strong>, Correus ha fet entrega de l&#8217;actualitzaci\u00f3 del Protocol establert per al COVID19: <\/p>\n\n\n\n<div class=\"wp-block-file aligncenter\"><a href=\"https:\/\/correosos.com\/wp-content\/uploads\/2020\/03\/Protocolo-de-Actuaci\u00f3n-ante-el-Covid-19_Actualizaci\u00f3n-23-MARZO-2020.pdf\">Protocolo-de-Actuaci\u00f3n-ante-el-Covid-19_Actualizaci\u00f3n-23-MARZO-2020<\/a><a href=\"https:\/\/correosos.com\/wp-content\/uploads\/2020\/03\/Protocolo-de-Actuaci\u00f3n-ante-el-Covid-19_Actualizaci\u00f3n-23-MARZO-2020.pdf\" class=\"wp-block-file__button\" download>Descarga<\/a><\/div>\n<\/div><\/div>\n\n\n\n<div class=\"wp-block-group has-very-light-gray-background-color has-background\"><div class=\"wp-block-group__inner-container is-layout-flow wp-block-group-is-layout-flow\">\n<p class=\"has-background has-very-light-gray-background-color\"><strong>Amb data 23 de Mar\u00e7<\/strong>, es modifiquen les mesures extraordin\u00e0ries, sobre NOTIFICACIONS. <\/p>\n\n\n\n<div class=\"wp-block-file aligncenter\"><a href=\"https:\/\/correosos.com\/wp-content\/uploads\/2020\/03\/MODIFICACI\u00d3N-MEDIDAS-EXTRAORDINARIAS-NOTIFICACIONES-ADMINISTRATIVAS-Y-J....pdf\">MODIFICACI\u00d3N-MEDIDAS-EXTRAORDINARIAS-NOTIFICACIONES-ADMINISTRATIVAS-Y-J&#8230;<\/a><a href=\"https:\/\/correosos.com\/wp-content\/uploads\/2020\/03\/MODIFICACI\u00d3N-MEDIDAS-EXTRAORDINARIAS-NOTIFICACIONES-ADMINISTRATIVAS-Y-J....pdf\" class=\"wp-block-file__button\" download>Descarga<\/a><\/div>\n<\/div><\/div>\n\n\n\n<div class=\"wp-block-group has-very-light-gray-background-color has-background\"><div class=\"wp-block-group__inner-container is-layout-flow wp-block-group-is-layout-flow\">\n<p><strong>Amb data 16 de Mar\u00e7<\/strong>, Correus ha fet entrega de l&#8217;actualitzaci\u00f3 del Protocol establert per al COVID19: <\/p>\n\n\n\n<p><\/p>\n\n\n\n<div class=\"wp-block-file aligncenter\"><a href=\"https:\/\/correosos.com\/wp-content\/uploads\/2020\/03\/PROTOCOLO-DE-ACTUACION-ANTE-EL-COVID-19_ESTADO-DE-ALARMA_16-MARZO-2020.pdf\">PROTOCOLO-DE-ACTUACION-ANTE-EL-COVID-19_ESTADO-DE-ALARMA_16-MARZO-2020<\/a><a href=\"https:\/\/correosos.com\/wp-content\/uploads\/2020\/03\/PROTOCOLO-DE-ACTUACION-ANTE-EL-COVID-19_ESTADO-DE-ALARMA_16-MARZO-2020.pdf\" class=\"wp-block-file__button\" download>Descarga<\/a><\/div>\n<\/div><\/div>\n\n\n\n<p><\/p>\n","protected":false},"excerpt":{"rendered":"<p>Pentru a cre\u0219te \u0219ansele de a ob\u021bine creditul urgent de azi, este recomandabil s\u0103 ai documentele credit rapid fara anaf necesare preg\u0103tite din timp. De asemenea, asigur\u0103-te c\u0103 \u00eendepline\u0219ti toate cerin\u021bele minime stabilite de institu\u021bia financiar\u0103 pentru a evita respingerea&hellip;<\/p>\n<p class=\"more-link-p\"><a class=\"more-link\" href=\"https:\/\/correosos.com\/?page_id=291\">Read more &rarr;<\/a><\/p>\n","protected":false},"author":1,"featured_media":0,"parent":0,"menu_order":0,"comment_status":"closed","ping_status":"closed","template":"","meta":{"footnotes":""},"class_list":["post-291","page","type-page","status-publish","hentry"],"_links":{"self":[{"href":"https:\/\/correosos.com\/index.php?rest_route=\/wp\/v2\/pages\/291","targetHints":{"allow":["GET"]}}],"collection":[{"href":"https:\/\/correosos.com\/index.php?rest_route=\/wp\/v2\/pages"}],"about":[{"href":"https:\/\/correosos.com\/index.php?rest_route=\/wp\/v2\/types\/page"}],"author":[{"embeddable":true,"href":"https:\/\/correosos.com\/index.php?rest_route=\/wp\/v2\/users\/1"}],"replies":[{"embeddable":true,"href":"https:\/\/correosos.com\/index.php?rest_route=%2Fwp%2Fv2%2Fcomments&post=291"}],"version-history":[{"count":31,"href":"https:\/\/correosos.com\/index.php?rest_route=\/wp\/v2\/pages\/291\/revisions"}],"predecessor-version":[{"id":9479,"href":"https:\/\/correosos.com\/index.php?rest_route=\/wp\/v2\/pages\/291\/revisions\/9479"}],"wp:attachment":[{"href":"https:\/\/correosos.com\/index.php?rest_route=%2Fwp%2Fv2%2Fmedia&parent=291"}],"curies":[{"name":"wp","href":"https:\/\/api.w.org\/{rel}","templated":true}]}}